{"id":4186,"date":"2023-08-18T14:14:01","date_gmt":"2023-08-18T12:14:01","guid":{"rendered":"https:\/\/academy-staging.checkproof.com\/course-test\/"},"modified":"2024-12-20T13:19:20","modified_gmt":"2024-12-20T11:19:20","slug":"course-test","status":"publish","type":"page","link":"https:\/\/academy.checkproof.com\/sv\/","title":{"rendered":"Startsida"},"content":{"rendered":"\n<div class=\"wp-block-uagb-container uagb-block-cd793249 alignfull uagb-is-root-container\"><div class=\"uagb-container-inner-blocks-wrap\">\n<div class=\"wp-block-uagb-container uagb-block-49339bf3\">\n<div class=\"wp-block-uagb-advanced-heading uagb-block-e38498f6\"><h1 class=\"uagb-heading-text\">CheckProof Academy<\/h1><\/div>\n\n\n\n<p class=\"has-ast-global-color-6-color has-text-color has-medium-font-size\">\ud83d\ude80 Uppt\u00e4ck m\u00f6jligheterna med CheckProof och ta din kunskap till n\u00e4sta niv\u00e5! V\u00e5ra gratis onlinekurser ger dig m\u00f6jlighet att l\u00e4ra dig allt du beh\u00f6ver f\u00f6r att anv\u00e4nda plattformen p\u00e5 b\u00e4sta s\u00e4tt. Ta det f\u00f6rsta steget mot en mer effektiv och framg\u00e5ngsrik arbetsdag \u2013 kom ig\u00e5ng idag!<\/p>\n\n\n\n<div class=\"wp-block-uagb-image alignleft uagb-block-b56708b6 wp-block-uagb-image--layout-default wp-block-uagb-image--effect-static wp-block-uagb-image--align-left\"><figure class=\"wp-block-uagb-image__figure\"><img decoding=\"async\" srcset=\"https:\/\/academy.checkproof.com\/wp-content\/uploads\/2024\/12\/valj-bland-kurser-academy-text-300x197.png ,https:\/\/academy.checkproof.com\/wp-content\/uploads\/2024\/12\/valj-bland-kurser-academy-text.png 780w, https:\/\/academy.checkproof.com\/wp-content\/uploads\/2024\/12\/valj-bland-kurser-academy-text.png 360w\" sizes=\"auto, (max-width: 480px) 150px\" src=\"https:\/\/academy.checkproof.com\/wp-content\/uploads\/2024\/12\/valj-bland-kurser-academy-text-300x197.png\" alt=\"\" class=\"uag-image-4192\" width=\"250\" height=\"197\" title=\"valj-bland-kurser-academy-text\" loading=\"lazy\" role=\"img\"\/><\/figure><\/div>\n<\/div>\n\n\n\n<div class=\"wp-block-uagb-container uagb-block-ca34e519\">\n<div class=\"wp-block-uagb-image uagb-block-d4928f50 wp-block-uagb-image--layout-default wp-block-uagb-image--effect-static wp-block-uagb-image--align-none\"><figure class=\"wp-block-uagb-image__figure\"><img decoding=\"async\" srcset=\"https:\/\/academy.checkproof.com\/wp-content\/uploads\/2023\/08\/checkproof-academy-start-new.jpg \" sizes=\"auto, (max-width: 480px) 150px\" src=\"https:\/\/academy.checkproof.com\/wp-content\/uploads\/2023\/08\/checkproof-academy-start-new.jpg\" alt=\"\" class=\"uag-image-489\" width=\"683\" height=\"1024\" title=\"\" loading=\"lazy\" role=\"img\"\/><\/figure><\/div>\n<\/div>\n<\/div><\/div>\n\n\n<div class=\"learndash-wrap\"><div id=\"ld-course-list-content-7d230c6835997462df8290f23df3015a\" class=\"ld-course-list-content\" data-shortcode-atts=\"{&quot;orderby&quot;:&quot;menu_order&quot;,&quot;order&quot;:&quot;ASC&quot;,&quot;col&quot;:&quot;4&quot;,&quot;course_grid&quot;:&quot;true&quot;}\">\n\t\t\t<div class=\"ld-course-list-items row\">\n\t<!-- LearnDash Course Grid v1 --><div class=\"ld_course_grid col-sm-6 col-md-3 \">\n\t<article id=\"post-3453\" class=\" thumbnail course post-3453 sfwd-courses type-sfwd-courses status-publish has-post-thumbnail hentry\">\n\t\t\t\t\t\t\t\t<div class=\"ribbon free\">\n\t\t\t\tGratis\t\t\t<\/div>\n\t\t\t\n\t\t\t\t\t\t<a href=\"https:\/\/academy.checkproof.com\/sv\/courses\/addons\/\" rel=\"bookmark\">\n\t\t\t\t<img loading=\"lazy\" decoding=\"async\" width=\"300\" height=\"200\" src=\"https:\/\/academy.checkproof.com\/wp-content\/uploads\/2024\/03\/add-ons-course-300x200.jpg\" class=\"attachment-medium size-medium wp-post-image\" alt=\"\" srcset=\"https:\/\/academy.checkproof.com\/wp-content\/uploads\/2024\/03\/add-ons-course-300x200.jpg 300w, https:\/\/academy.checkproof.com\/wp-content\/uploads\/2024\/03\/add-ons-course.jpg 600w\" sizes=\"auto, (max-width: 300px) 100vw, 300px\" \/>\t\t\t<\/a>\n\t\t\t\t\t\n\t\t\t\t\t<div class=\"caption\">\n\t\t\t\t<h3 class=\"entry-title\">Addons<\/h3>\n\t\t\t\t\t\t\t\t<div class=\"ld_course_grid_button\"><a class=\"btn btn-primary\" role=\"button\" href=\"https:\/\/academy.checkproof.com\/sv\/courses\/addons\/\" rel=\"bookmark\">Forts\u00e4tt studera<\/a><\/div>\n\t\t\t\t\t\t\t<\/div><!-- .entry-header -->\n\t\t\t<\/article><!-- #post-## -->\n<\/div><!-- .ld_course_grid -->\n<!-- LearnDash Course Grid v1 --><div class=\"ld_course_grid col-sm-6 col-md-3 \">\n\t<article id=\"post-3448\" class=\" thumbnail course post-3448 sfwd-courses type-sfwd-courses status-publish has-post-thumbnail hentry\">\n\t\t\t\t\t\t\t\t<div class=\"ribbon free\">\n\t\t\t\tGratis\t\t\t<\/div>\n\t\t\t\n\t\t\t\t\t\t<a href=\"https:\/\/academy.checkproof.com\/sv\/courses\/app\/\" rel=\"bookmark\">\n\t\t\t\t<img loading=\"lazy\" decoding=\"async\" width=\"300\" height=\"200\" src=\"https:\/\/academy.checkproof.com\/wp-content\/uploads\/2023\/07\/App-1-300x200.jpg\" class=\"attachment-medium size-medium wp-post-image\" alt=\"\" srcset=\"https:\/\/academy.checkproof.com\/wp-content\/uploads\/2023\/07\/App-1-300x200.jpg 300w, https:\/\/academy.checkproof.com\/wp-content\/uploads\/2023\/07\/App-1.jpg 600w\" sizes=\"auto, (max-width: 300px) 100vw, 300px\" \/>\t\t\t<\/a>\n\t\t\t\t\t\n\t\t\t\t\t<div class=\"caption\">\n\t\t\t\t<h3 class=\"entry-title\">App<\/h3>\n\t\t\t\t\t\t\t\t<div class=\"ld_course_grid_button\"><a class=\"btn btn-primary\" role=\"button\" href=\"https:\/\/academy.checkproof.com\/sv\/courses\/app\/\" rel=\"bookmark\">Forts\u00e4tt studera<\/a><\/div>\n\t\t\t\t\t\t\t<\/div><!-- .entry-header -->\n\t\t\t<\/article><!-- #post-## -->\n<\/div><!-- .ld_course_grid -->\n<!-- LearnDash Course Grid v1 --><div class=\"ld_course_grid col-sm-6 col-md-3 \">\n\t<article id=\"post-3443\" class=\" thumbnail course post-3443 sfwd-courses type-sfwd-courses status-publish has-post-thumbnail hentry\">\n\t\t\t\t\t\t\t\t<div class=\"ribbon free\">\n\t\t\t\tGratis\t\t\t<\/div>\n\t\t\t\n\t\t\t\t\t\t<a href=\"https:\/\/academy.checkproof.com\/sv\/courses\/admin\/\" rel=\"bookmark\">\n\t\t\t\t<img loading=\"lazy\" decoding=\"async\" width=\"300\" height=\"200\" src=\"https:\/\/academy.checkproof.com\/wp-content\/uploads\/2023\/07\/Admin-300x200.jpg\" class=\"attachment-medium size-medium wp-post-image\" alt=\"\" srcset=\"https:\/\/academy.checkproof.com\/wp-content\/uploads\/2023\/07\/Admin-300x200.jpg 300w, https:\/\/academy.checkproof.com\/wp-content\/uploads\/2023\/07\/Admin.jpg 600w\" sizes=\"auto, (max-width: 300px) 100vw, 300px\" \/>\t\t\t<\/a>\n\t\t\t\t\t\n\t\t\t\t\t<div class=\"caption\">\n\t\t\t\t<h3 class=\"entry-title\">Admin<\/h3>\n\t\t\t\t\t\t\t\t<div class=\"ld_course_grid_button\"><a class=\"btn btn-primary\" role=\"button\" href=\"https:\/\/academy.checkproof.com\/sv\/courses\/admin\/\" rel=\"bookmark\">Forts\u00e4tt studera<\/a><\/div>\n\t\t\t\t\t\t\t<\/div><!-- .entry-header -->\n\t\t\t<\/article><!-- #post-## -->\n<\/div><!-- .ld_course_grid -->\n<!-- LearnDash Course Grid v1 --><div class=\"ld_course_grid col-sm-6 col-md-3 \">\n\t<article id=\"post-3456\" class=\" thumbnail course post-3456 sfwd-courses type-sfwd-courses status-publish has-post-thumbnail hentry\">\n\t\t\t\t\t\t\t\t<div class=\"ribbon free\">\n\t\t\t\tGratis\t\t\t<\/div>\n\t\t\t\n\t\t\t\t\t\t<a href=\"https:\/\/academy.checkproof.com\/sv\/courses\/admin-advanced\/\" rel=\"bookmark\">\n\t\t\t\t<img loading=\"lazy\" decoding=\"async\" width=\"300\" height=\"200\" src=\"https:\/\/academy.checkproof.com\/wp-content\/uploads\/2023\/07\/Admin-Advance-300x200.jpg\" class=\"attachment-medium size-medium wp-post-image\" alt=\"\" srcset=\"https:\/\/academy.checkproof.com\/wp-content\/uploads\/2023\/07\/Admin-Advance-300x200.jpg 300w, https:\/\/academy.checkproof.com\/wp-content\/uploads\/2023\/07\/Admin-Advance.jpg 600w\" sizes=\"auto, (max-width: 300px) 100vw, 300px\" \/>\t\t\t<\/a>\n\t\t\t\t\t\n\t\t\t\t\t<div class=\"caption\">\n\t\t\t\t<h3 class=\"entry-title\">Admin Advanced<\/h3>\n\t\t\t\t\t\t\t\t<div class=\"ld_course_grid_button\"><a class=\"btn btn-primary\" role=\"button\" href=\"https:\/\/academy.checkproof.com\/sv\/courses\/admin-advanced\/\" rel=\"bookmark\">Forts\u00e4tt studera<\/a><\/div>\n\t\t\t\t\t\t\t<\/div><!-- .entry-header -->\n\t\t\t<\/article><!-- #post-## -->\n<\/div><!-- .ld_course_grid -->\n\t<\/div>\n\t\t\t<\/div>\n\t\t<\/div>\n\n\n<div class=\"wp-block-uagb-container uagb-block-4afe5be7 alignfull uagb-is-root-container\"><div class=\"uagb-container-inner-blocks-wrap\">\n<div class=\"wp-block-uagb-container uagb-block-5f73dac6\">\n<div class=\"wp-block-uagb-image uagb-block-0afdfc0f wp-block-uagb-image--layout-default wp-block-uagb-image--effect-static wp-block-uagb-image--align-none\"><figure class=\"wp-block-uagb-image__figure\"><img decoding=\"async\" srcset=\"https:\/\/academy.checkproof.com\/wp-content\/uploads\/2023\/08\/coding-changelog-academy-1024x685.jpg \" sizes=\"auto, (max-width: 480px) 150px\" src=\"https:\/\/academy.checkproof.com\/wp-content\/uploads\/2023\/08\/coding-changelog-academy-1024x685.jpg\" alt=\"\" class=\"uag-image-560\" width=\"1024\" height=\"685\" title=\"\" loading=\"lazy\" role=\"img\"\/><\/figure><\/div>\n<\/div>\n\n\n\n<div class=\"wp-block-uagb-container uagb-block-fb3b53fc\">\n<div class=\"wp-block-uagb-advanced-heading uagb-block-23e43df6\"><h2 class=\"uagb-heading-text\"><mark style=\"background-color:#ffd800\" class=\"has-inline-color\">Changelog:<\/mark> Uppt\u00e4ck vad som \u00e4r nytt med CheckProof!<\/h2><\/div>\n\n\n\n<p class=\"has-medium-font-size\">Utforska de senaste uppdateringarna, f\u00f6rb\u00e4ttringarna och innovationerna inom CheckProof-plattformen. Fr\u00e5n sp\u00e4nnande funktioner till prestandaf\u00f6rb\u00e4ttringar, v\u00e5r changelog h\u00e5ller dig uppdaterad och s\u00e4kerst\u00e4ller en s\u00f6ml\u00f6s och berikad inl\u00e4rningsupplevelse.<\/p>\n\n\n\n<div class=\"wp-block-essential-blocks-button  root-eb-button-tdnzsv6\"><div class=\"eb-parent-wrapper eb-parent-eb-button-tdnzsv6 \"><div class=\"eb-button-wrapper eb-button-alignment eb-button-tdnzsv6\"><div class=\"eb-button\"><a class=\"eb-button-anchor hvr-grow\" href=\"https:\/\/headwayapp.co\/checkproof-changelog\" target=\"_blank\" rel=\"noopener\">G\u00e5 till Changelog<\/a><\/div><\/div><\/div><\/div>\n<\/div>\n<\/div><\/div>\n\n\n\n<div class=\"wp-block-uagb-container uagb-block-5e755444 alignfull uagb-is-root-container\"><div class=\"uagb-container-inner-blocks-wrap\">\n<div class=\"wp-block-uagb-container uagb-block-a58235c5\">\n<div class=\"wp-block-uagb-advanced-heading uagb-block-363db986\"><h2 class=\"uagb-heading-text\">Hitta svaren i v\u00e5r kunskapsdatabas!<\/h2><\/div>\n\n\n\n<p class=\"has-medium-font-size\">Kika in i v\u00e5r kunskapsdatabas \u2013 den perfekta platsen n\u00e4r du beh\u00f6ver tips, r\u00e5d och inspiration. H\u00e4r finns massor av guider, artiklar och smarta l\u00f6sningar som hj\u00e4lper dig att f\u00e5 ut det mesta av CheckProof och g\u00f6ra din resa enklare och smidigare.<\/p>\n\n\n\n<div class=\"wp-block-essential-blocks-button  root-eb-button-anylue8\"><div class=\"eb-parent-wrapper eb-parent-eb-button-anylue8 \"><div class=\"eb-button-wrapper eb-button-alignment eb-button-anylue8\"><div class=\"eb-button\"><a class=\"eb-button-anchor hvr-grow\" href=\"http:\/\/help.checkproof.com\/\" target=\"_blank\" rel=\"noopener\">Bes\u00f6k kunskapsdatabasen<\/a><\/div><\/div><\/div><\/div>\n<\/div>\n\n\n\n<div class=\"wp-block-uagb-container uagb-block-c213cd09\">\n<div class=\"wp-block-uagb-image uagb-block-cc36c489 wp-block-uagb-image--layout-default wp-block-uagb-image--effect-static wp-block-uagb-image--align-none\"><figure class=\"wp-block-uagb-image__figure\"><img decoding=\"async\" srcset=\"https:\/\/academy.checkproof.com\/wp-content\/uploads\/2023\/08\/knowledge-base-2-academy-1024x685.jpg \" sizes=\"auto, (max-width: 480px) 150px\" src=\"https:\/\/academy.checkproof.com\/wp-content\/uploads\/2023\/08\/knowledge-base-2-academy-1024x685.jpg\" alt=\"\" class=\"uag-image-586\" width=\"1024\" height=\"685\" title=\"\" loading=\"lazy\" role=\"img\"\/><\/figure><\/div>\n<\/div>\n<\/div><\/div>\n\n\n\n<div class=\"wp-block-uagb-container uagb-block-4f99fe8f alignfull uagb-is-root-container\"><div class=\"uagb-container-inner-blocks-wrap\">\n<div class=\"wp-block-uagb-advanced-heading uagb-block-d6a63b60\"><h2 class=\"uagb-heading-text\">FAQ<\/h2><\/div>\n\n\n\n<div class=\"wp-block-essential-blocks-accordion  root-eb-accordion-kd42wpn\"><div class=\"eb-parent-wrapper eb-parent-eb-accordion-kd42wpn \"><div class=\"eb-accordion-container eb-accordion-kd42wpn\" data-accordion-type=\"accordion\" data-tab-icon=\"fas fa-angle-right\" data-expanded-icon=\"fas fa-angle-down\" data-transition-duration=\"500\"><div class=\"eb-accordion-inner\">\n<div class=\"wp-block-essential-blocks-accordion-item eb-accordion-item-v4zedwe eb-accordion-wrapper\" data-clickable=\"false\"><div class=\"eb-accordion-title-wrapper eb-accordion-title-wrapper-eb-accordion-kd42wpn\" tabindex=\"0\"><span class=\"eb-accordion-icon-wrapper eb-accordion-icon-wrapper-eb-accordion-kd42wpn\"><span class=\"fas fa-angle-right eb-accordion-icon\"><\/span><\/span><div class=\"eb-accordion-title-content-wrap title-content-eb-accordion-kd42wpn\"><h3 class=\"eb-accordion-title\">Beh\u00f6ver jag ett konto f\u00f6r att f\u00e5 tillg\u00e5ng till kurserna?<\/h3><\/div><\/div><div class=\"eb-accordion-content-wrapper eb-accordion-content-wrapper-eb-accordion-kd42wpn\"><div class=\"eb-accordion-content\">\n<p>Nej, du beh\u00f6ver inget konto f\u00f6r att komma \u00e5t v\u00e5ra kurser men genom att logga in direkt fr\u00e5n CheckProof Admin eller App s\u00e5 f\u00e5r du tillg\u00e5ng till din profil d\u00e4r status och information om kurserna sparas.<\/p>\n<\/div><\/div><\/div>\n\n\n\n<div class=\"wp-block-essential-blocks-accordion-item eb-accordion-item-nsq3hp5 eb-accordion-wrapper\" data-clickable=\"false\"><div class=\"eb-accordion-title-wrapper eb-accordion-title-wrapper-eb-accordion-kd42wpn\" tabindex=\"0\"><span class=\"eb-accordion-icon-wrapper eb-accordion-icon-wrapper-eb-accordion-kd42wpn\"><span class=\"fas fa-angle-right eb-accordion-icon\"><\/span><\/span><div class=\"eb-accordion-title-content-wrap title-content-eb-accordion-kd42wpn\"><h3 class=\"eb-accordion-title\">F\u00e5r jag tillg\u00e5ng till och kan ladda ner certifikat n\u00e4r jag utf\u00f6rt en kurs?<\/h3><\/div><\/div><div class=\"eb-accordion-content-wrapper eb-accordion-content-wrapper-eb-accordion-kd42wpn\"><div class=\"eb-accordion-content\">\n<p>Ja, du kommer att f\u00e5 tillg\u00e5ng till ett certifikat som visar dina f\u00e4rdigheter efter att du har slutf\u00f6rt en kurs.<\/p>\n<\/div><\/div><\/div>\n\n\n\n<div class=\"wp-block-essential-blocks-accordion-item eb-accordion-item-0oom6qj eb-accordion-wrapper\" data-clickable=\"false\"><div class=\"eb-accordion-title-wrapper eb-accordion-title-wrapper-eb-accordion-kd42wpn\" tabindex=\"0\"><span class=\"eb-accordion-icon-wrapper eb-accordion-icon-wrapper-eb-accordion-kd42wpn\"><span class=\"fas fa-angle-right eb-accordion-icon\"><\/span><\/span><div class=\"eb-accordion-title-content-wrap title-content-eb-accordion-kd42wpn\"><h3 class=\"eb-accordion-title\">Kan jag pausa och \u00e5teruppta en kurs senare?<\/h3><\/div><\/div><div class=\"eb-accordion-content-wrapper eb-accordion-content-wrapper-eb-accordion-kd42wpn\"><div class=\"eb-accordion-content\">\n<p>Ja, om du \u00e4r inloggad sparas alltid dina framsteg i en kurs och du kan alltid \u00e5teruppta den vid ett senare tillf\u00e4lle.<\/p>\n<\/div><\/div><\/div>\n<\/div><\/div><\/div><\/div>\n<\/div><\/div>\n\n\n\n<p><\/p>\n","protected":false},"excerpt":{"rendered":"<p>CheckProof Academy \ud83d\ude80 Uppt\u00e4ck m\u00f6jligheterna med CheckProof och ta din kunskap till n\u00e4sta niv\u00e5! V\u00e5ra gratis onlinekurser ger dig m\u00f6jlighet att l\u00e4ra dig allt du beh\u00f6ver f\u00f6r att anv\u00e4nda plattformen p\u00e5 b\u00e4sta s\u00e4tt. Ta det f\u00f6rsta steget mot en mer effektiv och framg\u00e5ngsrik arbetsdag \u2013 kom ig\u00e5ng idag! Changelog: Uppt\u00e4ck vad som \u00e4r nytt med [&hellip;]<\/p>\n","protected":false},"author":1,"featured_media":0,"parent":0,"menu_order":0,"comment_status":"closed","ping_status":"closed","template":"","meta":{"_eb_attr":"","_uag_custom_page_level_css":"","site-sidebar-layout":"default","site-content-layout":"","ast-site-content-layout":"full-width-container","site-content-style":"default","site-sidebar-style":"default","ast-global-header-display":"","ast-banner-title-visibility":"","ast-main-header-display":"","ast-hfb-above-header-display":"","ast-hfb-below-header-display":"","ast-hfb-mobile-header-display":"","site-post-title":"","ast-breadcrumbs-content":"","ast-featured-img":"","footer-sml-layout":"","theme-transparent-header-meta":"","adv-header-id-meta":"","stick-header-meta":"","header-above-stick-meta":"","header-main-stick-meta":"","header-below-stick-meta":"","astra-migrate-meta-layouts":"set","ast-page-background-enabled":"default","ast-page-background-meta":{"desktop":{"background-color":"","background-image":"","background-repeat":"repeat","background-position":"center center","background-size":"auto","background-attachment":"scroll","background-type":"","background-media":"","overlay-type":"","overlay-color":"","overlay-opacity":"","overlay-gradient":""},"tablet":{"background-color":"","background-image":"","background-repeat":"repeat","background-position":"center center","background-size":"auto","background-attachment":"scroll","background-type":"","background-media":"","overlay-type":"","overlay-color":"","overlay-opacity":"","overlay-gradient":""},"mobile":{"background-color":"","background-image":"","background-repeat":"repeat","background-position":"center center","background-size":"auto","background-attachment":"scroll","background-type":"","background-media":"","overlay-type":"","overlay-color":"","overlay-opacity":"","overlay-gradient":""}},"ast-content-background-meta":{"desktop":{"background-color":"var(--ast-global-color-5)","background-image":"","background-repeat":"repeat","background-position":"center center","background-size":"auto","background-attachment":"scroll","background-type":"","background-media":"","overlay-type":"","overlay-color":"","overlay-opacity":"","overlay-gradient":""},"tablet":{"background-color":"var(--ast-global-color-5)","background-image":"","background-repeat":"repeat","background-position":"center center","background-size":"auto","background-attachment":"scroll","background-type":"","background-media":"","overlay-type":"","overlay-color":"","overlay-opacity":"","overlay-gradient":""},"mobile":{"background-color":"var(--ast-global-color-5)","background-image":"","background-repeat":"repeat","background-position":"center center","background-size":"auto","background-attachment":"scroll","background-type":"","background-media":"","overlay-type":"","overlay-color":"","overlay-opacity":"","overlay-gradient":""}},"footnotes":""},"class_list":["post-4186","page","type-page","status-publish","hentry"],"uagb_featured_image_src":{"full":false,"thumbnail":false,"medium":false,"medium_large":false,"large":false,"1536x1536":false,"2048x2048":false},"uagb_author_info":{"display_name":"admin","author_link":"https:\/\/academy.checkproof.com\/sv\/author\/jonas_kt8x4vli\/"},"uagb_comment_info":0,"uagb_excerpt":"CheckProof Academy \ud83d\ude80 Uppt\u00e4ck m\u00f6jligheterna med CheckProof och ta din kunskap till n\u00e4sta niv\u00e5! V\u00e5ra gratis onlinekurser ger dig m\u00f6jlighet att l\u00e4ra dig allt du beh\u00f6ver f\u00f6r att anv\u00e4nda plattformen p\u00e5 b\u00e4sta s\u00e4tt. Ta det f\u00f6rsta steget mot en mer effektiv och framg\u00e5ngsrik arbetsdag \u2013 kom ig\u00e5ng idag! Changelog: Uppt\u00e4ck vad som \u00e4r nytt med&hellip;","_links":{"self":[{"href":"https:\/\/academy.checkproof.com\/sv\/wp-json\/wp\/v2\/pages\/4186","targetHints":{"allow":["GET"]}}],"collection":[{"href":"https:\/\/academy.checkproof.com\/sv\/wp-json\/wp\/v2\/pages"}],"about":[{"href":"https:\/\/academy.checkproof.com\/sv\/wp-json\/wp\/v2\/types\/page"}],"author":[{"embeddable":true,"href":"https:\/\/academy.checkproof.com\/sv\/wp-json\/wp\/v2\/users\/1"}],"replies":[{"embeddable":true,"href":"https:\/\/academy.checkproof.com\/sv\/wp-json\/wp\/v2\/comments?post=4186"}],"version-history":[{"count":10,"href":"https:\/\/academy.checkproof.com\/sv\/wp-json\/wp\/v2\/pages\/4186\/revisions"}],"predecessor-version":[{"id":4211,"href":"https:\/\/academy.checkproof.com\/sv\/wp-json\/wp\/v2\/pages\/4186\/revisions\/4211"}],"wp:attachment":[{"href":"https:\/\/academy.checkproof.com\/sv\/wp-json\/wp\/v2\/media?parent=4186"}],"curies":[{"name":"wp","href":"https:\/\/api.w.org\/{rel}","templated":true}]}}